{"id":490,"date":"2020-01-27T02:46:22","date_gmt":"2020-01-27T05:46:22","guid":{"rendered":"http:\/\/127.0.0.1\/ISSA\/wppopups-preview\/"},"modified":"2021-02-17T01:50:18","modified_gmt":"2021-02-17T04:50:18","slug":"tutoriales-estudiantes","status":"publish","type":"page","link":"https:\/\/www.issa.edu.ar\/issawp\/tutoriales-estudiantes\/","title":{"rendered":"Tutoriales Campus ISSA para estudiantes"},"content":{"rendered":"<p>VIDEOTUTORIALES SOBRE LA PLATAFORMA MOODLE DEL ISSA<\/p>\n<p>A trav\u00e9s de los siguientes v\u00eddeos, explicaremos c\u00f3mo utilizar algunas herramientas de la plataforma Moodle del ISSA para profesores.<\/p>\n\n\n<p> <strong>Ingreso a aulas virtuales para ex\u00e1menes y encuentros virtuales<\/strong><\/p>\n\n\n\n<p>Para este a\u00f1o 2021 hemos implementado un nuevo sistema para aulas virtuales, este nuevo sistema denominado Bigbluebutton es una plataforma virtual que se integra a la plataforma Moodle de f\u00e1cil acceso, no se requiere usuario y se ingresa desde su aula. Esta herramienta se implementar\u00e1 para los encuentros virtuales como los ex\u00e1menes. Luego de cada sesi\u00f3n y al cabo de 3 horas el video quedar\u00e1 registrado autom\u00e1ticamente al que se puede ingresar cliqueando en la actividad.<\/p>\n\n\n\n<p>Para las mesas de ex\u00e1menes, ingresando a la plataforma y al aula de la materia que deben rendir, al final de la secci\u00f3n de los encuentros se encuentra el apartado<strong> Mesas de ex\u00e1menes<\/strong>, all\u00ed pueden acceder al bot\u00f3n de la mesa estipulada, al ingresar solo deben cliquear en <strong>unirse a la sesi\u00f3n<\/strong> y autom\u00e1ticamente ingresar\u00e1n al aula virtual. Tal como en otras plataformas como zoom o meet deben darle permiso al micr\u00f3fono y a la c\u00e1mara dentro de la sala. A la hora del examen el docente como el auxiliar que se encontrar\u00e1n dentro de la misma. No es necesario ingresar con usuario, solo se accede desde el bot\u00f3n en el aula en la plataforma.<\/p>\n\n\n\n<figure class=\"wp-block-image size-large\"><img loading=\"lazy\" decoding=\"async\" width=\"786\" height=\"659\" src=\"https:\/\/www.issa.edu.ar\/issawp\/wp-content\/uploads\/2021\/02\/Screenshot_2021-02-17-Curso-Filosof\u00eda-2\u00b0-Cuatrimestre-2020.png\" alt=\"\" class=\"wp-image-996\" srcset=\"https:\/\/www.issa.edu.ar\/issawp\/wp-content\/uploads\/2021\/02\/Screenshot_2021-02-17-Curso-Filosof\u00eda-2\u00b0-Cuatrimestre-2020.png 786w, https:\/\/www.issa.edu.ar\/issawp\/wp-content\/uploads\/2021\/02\/Screenshot_2021-02-17-Curso-Filosof\u00eda-2\u00b0-Cuatrimestre-2020-300x252.png 300w, https:\/\/www.issa.edu.ar\/issawp\/wp-content\/uploads\/2021\/02\/Screenshot_2021-02-17-Curso-Filosof\u00eda-2\u00b0-Cuatrimestre-2020-768x644.png 768w\" sizes=\"(max-width: 786px) 100vw, 786px\" \/><figcaption>Hacer click en la actividad integrada<\/figcaption><\/figure>\n\n\n\n<figure class=\"wp-block-image size-large\"><img loading=\"lazy\" decoding=\"async\" width=\"1024\" height=\"441\" src=\"https:\/\/www.issa.edu.ar\/issawp\/wp-content\/uploads\/2021\/02\/Screenshot_2021-02-17-Mesa-de-ex\u00e1men-mi\u00e9rcoles-de-17-de-Febrero-1024x441.png\" alt=\"\" class=\"wp-image-997\" srcset=\"https:\/\/www.issa.edu.ar\/issawp\/wp-content\/uploads\/2021\/02\/Screenshot_2021-02-17-Mesa-de-ex\u00e1men-mi\u00e9rcoles-de-17-de-Febrero-1024x441.png 1024w, https:\/\/www.issa.edu.ar\/issawp\/wp-content\/uploads\/2021\/02\/Screenshot_2021-02-17-Mesa-de-ex\u00e1men-mi\u00e9rcoles-de-17-de-Febrero-300x129.png 300w, https:\/\/www.issa.edu.ar\/issawp\/wp-content\/uploads\/2021\/02\/Screenshot_2021-02-17-Mesa-de-ex\u00e1men-mi\u00e9rcoles-de-17-de-Febrero-768x331.png 768w, https:\/\/www.issa.edu.ar\/issawp\/wp-content\/uploads\/2021\/02\/Screenshot_2021-02-17-Mesa-de-ex\u00e1men-mi\u00e9rcoles-de-17-de-Febrero.png 1411w\" sizes=\"(max-width: 1024px) 100vw, 1024px\" \/><figcaption>Ingresar haciendo click en el bot\u00f3n <strong>Unirse a la reuni\u00f3n<\/strong><\/figcaption><\/figure>\n\n\n\n<p><strong>Entrega de trabajos pr\u00e1cticos<\/strong><\/p>\n\n\n\n<iframe loading=\"lazy\" class=\"rumble\" src=\"https:\/\/rumble.com\/embed\/v7w7rn\/?pub=1ziph\" allowfullscreen=\"\" width=\"640\" height=\"360\" frameborder=\"0\"><\/iframe>\n\n\n\n<p>Mensajer\u00eda interna <\/p>\n\n\n\n<iframe loading=\"lazy\" class=\"rumble\" src=\"https:\/\/rumble.com\/embed\/v7w7u5\/?pub=1ziph\" allowfullscreen=\"\" width=\"640\" height=\"360\" frameborder=\"0\"><\/iframe>\n\n\n\n<p>Mensajer\u00eda desde celular<\/p>\n\n\n\n<p> Si bien por un error lo muestra en ingl\u00e9s <strong>This course<\/strong> significa <strong>Esta clase<\/strong>, por lo que al ingresar a la plataforma el men\u00fa principal muestra un men\u00fa  con todas las clases a las que estamos matriculados, y al ingresar a cada  una de ellas un men\u00fa espec\u00edfico de la misma, donde se puede  ingresar a people(personas) d\u00f3nde se enlista los docentes y estudiantes que  pertenecen a esa materia en particular. <\/p>\n\n\n\n<p>Para visualizar el men\u00fa This couse (Este curo) &gt; d\u00f3nde aparece People (personas), foros, recursos y tareas, se debe ingresar al aula de la materia. Desde una pc o celular.<br>Al ingresar a un aula en particular, desde el men\u00fa superior de las 3 l\u00edneas se muestran los dos men\u00faes, Mis clases y this course(Esta clase) donde aparece people (personas) como muestra la imagen.<\/p>\n\n\n\n<figure class=\"wp-block-image size-large\"><img loading=\"lazy\" decoding=\"async\" width=\"473\" height=\"1024\" src=\"http:\/\/www.issa.edu.ar\/issawp\/wp-content\/uploads\/2020\/09\/mensajeria-celular-473x1024.jpeg\" alt=\"\" class=\"wp-image-967\" srcset=\"https:\/\/www.issa.edu.ar\/issawp\/wp-content\/uploads\/2020\/09\/mensajeria-celular-473x1024.jpeg 473w, https:\/\/www.issa.edu.ar\/issawp\/wp-content\/uploads\/2020\/09\/mensajeria-celular-138x300.jpeg 138w, https:\/\/www.issa.edu.ar\/issawp\/wp-content\/uploads\/2020\/09\/mensajeria-celular.jpeg 540w\" sizes=\"(max-width: 473px) 100vw, 473px\" \/><\/figure>\n\n\n\n\n","protected":false},"excerpt":{"rendered":"<p>VIDEOTUTORIALES SOBRE LA PLATAFORMA MOODLE DEL ISSA A trav\u00e9s de los siguientes v\u00eddeos, explicaremos c\u00f3mo utilizar algunas herramientas de la plataforma Moodle del ISSA para profesores. Ingreso a aulas virtuales [&hellip;]<\/p>\n","protected":false},"author":1,"featured_media":0,"parent":0,"menu_order":0,"comment_status":"closed","ping_status":"closed","template":"","meta":{"_monsterinsights_skip_tracking":false,"_monsterinsights_sitenote_active":false,"_monsterinsights_sitenote_note":"","_monsterinsights_sitenote_category":0,"_joinchat":[],"footnotes":""},"yoast_head":"<!-- This site is optimized with the Yoast SEO plugin v23.8 - https:\/\/yoast.com\/wordpress\/plugins\/seo\/ -->\n<title>ISSA | Instituto Superior San Agust\u00edn | Tutoriales Campus ISSA para estudiantes<\/title>\n<meta name=\"robots\" content=\"index, follow, max-snippet:-1, max-image-preview:large, max-video-preview:-1\" \/>\n<link rel=\"canonical\" href=\"https:\/\/www.issa.edu.ar\/issawp\/tutoriales-estudiantes\/\" \/>\n<meta property=\"og:locale\" content=\"es_ES\" \/>\n<meta property=\"og:type\" content=\"article\" \/>\n<meta property=\"og:title\" content=\"ISSA | Instituto Superior San Agust\u00edn | Tutoriales Campus ISSA para estudiantes\" \/>\n<meta property=\"og:description\" content=\"VIDEOTUTORIALES SOBRE LA PLATAFORMA MOODLE DEL ISSA A trav\u00e9s de los siguientes v\u00eddeos, explicaremos c\u00f3mo utilizar algunas herramientas de la plataforma Moodle del ISSA para profesores. Ingreso a aulas virtuales [&hellip;]\" \/>\n<meta property=\"og:url\" content=\"https:\/\/www.issa.edu.ar\/issawp\/tutoriales-estudiantes\/\" \/>\n<meta property=\"og:site_name\" content=\"ISSA | Instituto Superior San Agust\u00edn\" \/>\n<meta property=\"article:publisher\" content=\"https:\/\/www.facebook.com\/faceissa\/\" \/>\n<meta property=\"article:modified_time\" content=\"2021-02-17T04:50:18+00:00\" \/>\n<meta property=\"og:image\" content=\"http:\/\/www.issa.edu.ar\/issawp\/wp-content\/uploads\/2020\/09\/mensajeria-celular-473x1024.jpeg\" \/>\n<meta name=\"twitter:card\" content=\"summary_large_image\" \/>\n<meta name=\"twitter:label1\" content=\"Tiempo de lectura\" \/>\n\t<meta name=\"twitter:data1\" content=\"2 minutos\" \/>\n<script type=\"application\/ld+json\" class=\"yoast-schema-graph\">{\"@context\":\"https:\/\/schema.org\",\"@graph\":[{\"@type\":\"WebPage\",\"@id\":\"https:\/\/www.issa.edu.ar\/issawp\/tutoriales-estudiantes\/\",\"url\":\"https:\/\/www.issa.edu.ar\/issawp\/tutoriales-estudiantes\/\",\"name\":\"ISSA | Instituto Superior San Agust\u00edn | Tutoriales Campus ISSA para estudiantes\",\"isPartOf\":{\"@id\":\"https:\/\/www.issa.edu.ar\/issawp\/#website\"},\"primaryImageOfPage\":{\"@id\":\"https:\/\/www.issa.edu.ar\/issawp\/tutoriales-estudiantes\/#primaryimage\"},\"image\":{\"@id\":\"https:\/\/www.issa.edu.ar\/issawp\/tutoriales-estudiantes\/#primaryimage\"},\"thumbnailUrl\":\"http:\/\/www.issa.edu.ar\/issawp\/wp-content\/uploads\/2020\/09\/mensajeria-celular-473x1024.jpeg\",\"datePublished\":\"2020-01-27T05:46:22+00:00\",\"dateModified\":\"2021-02-17T04:50:18+00:00\",\"breadcrumb\":{\"@id\":\"https:\/\/www.issa.edu.ar\/issawp\/tutoriales-estudiantes\/#breadcrumb\"},\"inLanguage\":\"es-AR\",\"potentialAction\":[{\"@type\":\"ReadAction\",\"target\":[\"https:\/\/www.issa.edu.ar\/issawp\/tutoriales-estudiantes\/\"]}]},{\"@type\":\"ImageObject\",\"inLanguage\":\"es-AR\",\"@id\":\"https:\/\/www.issa.edu.ar\/issawp\/tutoriales-estudiantes\/#primaryimage\",\"url\":\"https:\/\/www.issa.edu.ar\/issawp\/wp-content\/uploads\/2020\/09\/mensajeria-celular.jpeg\",\"contentUrl\":\"https:\/\/www.issa.edu.ar\/issawp\/wp-content\/uploads\/2020\/09\/mensajeria-celular.jpeg\",\"width\":540,\"height\":1170},{\"@type\":\"BreadcrumbList\",\"@id\":\"https:\/\/www.issa.edu.ar\/issawp\/tutoriales-estudiantes\/#breadcrumb\",\"itemListElement\":[{\"@type\":\"ListItem\",\"position\":1,\"name\":\"ISSA\",\"item\":\"https:\/\/www.issa.edu.ar\/issawp\/\"},{\"@type\":\"ListItem\",\"position\":2,\"name\":\"Tutoriales Campus ISSA para estudiantes\"}]},{\"@type\":\"WebSite\",\"@id\":\"https:\/\/www.issa.edu.ar\/issawp\/#website\",\"url\":\"https:\/\/www.issa.edu.ar\/issawp\/\",\"name\":\"ISSA | Instituto Superior San Agust\u00edn\",\"description\":\"25 a\u00f1os en la formaci\u00f3n de docente de Educaci\u00f3n Secundaria. Innovadora metodolog\u00eda semiprescial intensivo, con clases presenciales y virtuales.\",\"publisher\":{\"@id\":\"https:\/\/www.issa.edu.ar\/issawp\/#organization\"},\"potentialAction\":[{\"@type\":\"SearchAction\",\"target\":{\"@type\":\"EntryPoint\",\"urlTemplate\":\"https:\/\/www.issa.edu.ar\/issawp\/?s={search_term_string}\"},\"query-input\":{\"@type\":\"PropertyValueSpecification\",\"valueRequired\":true,\"valueName\":\"search_term_string\"}}],\"inLanguage\":\"es-AR\"},{\"@type\":\"Organization\",\"@id\":\"https:\/\/www.issa.edu.ar\/issawp\/#organization\",\"name\":\"ISSA | Instituto Superior San Agust\u00edn\",\"url\":\"https:\/\/www.issa.edu.ar\/issawp\/\",\"logo\":{\"@type\":\"ImageObject\",\"inLanguage\":\"es-AR\",\"@id\":\"https:\/\/www.issa.edu.ar\/issawp\/#\/schema\/logo\/image\/\",\"url\":\"https:\/\/www.issa.edu.ar\/issawp\/wp-content\/uploads\/2020\/01\/logo_sm.png\",\"contentUrl\":\"https:\/\/www.issa.edu.ar\/issawp\/wp-content\/uploads\/2020\/01\/logo_sm.png\",\"width\":301,\"height\":131,\"caption\":\"ISSA | Instituto Superior San Agust\u00edn\"},\"image\":{\"@id\":\"https:\/\/www.issa.edu.ar\/issawp\/#\/schema\/logo\/image\/\"},\"sameAs\":[\"https:\/\/www.facebook.com\/faceissa\/\",\"https:\/\/www.instagram.com\/issa_funsan\/\",\"http:\/\/www.youtube.com\/@issacampus8885\"]}]}<\/script>\n<!-- \/ Yoast SEO plugin. -->","yoast_head_json":{"title":"ISSA | Instituto Superior San Agust\u00edn | Tutoriales Campus ISSA para estudiantes","robots":{"index":"index","follow":"follow","max-snippet":"max-snippet:-1","max-image-preview":"max-image-preview:large","max-video-preview":"max-video-preview:-1"},"canonical":"https:\/\/www.issa.edu.ar\/issawp\/tutoriales-estudiantes\/","og_locale":"es_ES","og_type":"article","og_title":"ISSA | Instituto Superior San Agust\u00edn | Tutoriales Campus ISSA para estudiantes","og_description":"VIDEOTUTORIALES SOBRE LA PLATAFORMA MOODLE DEL ISSA A trav\u00e9s de los siguientes v\u00eddeos, explicaremos c\u00f3mo utilizar algunas herramientas de la plataforma Moodle del ISSA para profesores. Ingreso a aulas virtuales [&hellip;]","og_url":"https:\/\/www.issa.edu.ar\/issawp\/tutoriales-estudiantes\/","og_site_name":"ISSA | Instituto Superior San Agust\u00edn","article_publisher":"https:\/\/www.facebook.com\/faceissa\/","article_modified_time":"2021-02-17T04:50:18+00:00","og_image":[{"url":"http:\/\/www.issa.edu.ar\/issawp\/wp-content\/uploads\/2020\/09\/mensajeria-celular-473x1024.jpeg"}],"twitter_card":"summary_large_image","twitter_misc":{"Tiempo de lectura":"2 minutos"},"schema":{"@context":"https:\/\/schema.org","@graph":[{"@type":"WebPage","@id":"https:\/\/www.issa.edu.ar\/issawp\/tutoriales-estudiantes\/","url":"https:\/\/www.issa.edu.ar\/issawp\/tutoriales-estudiantes\/","name":"ISSA | Instituto Superior San Agust\u00edn | Tutoriales Campus ISSA para estudiantes","isPartOf":{"@id":"https:\/\/www.issa.edu.ar\/issawp\/#website"},"primaryImageOfPage":{"@id":"https:\/\/www.issa.edu.ar\/issawp\/tutoriales-estudiantes\/#primaryimage"},"image":{"@id":"https:\/\/www.issa.edu.ar\/issawp\/tutoriales-estudiantes\/#primaryimage"},"thumbnailUrl":"http:\/\/www.issa.edu.ar\/issawp\/wp-content\/uploads\/2020\/09\/mensajeria-celular-473x1024.jpeg","datePublished":"2020-01-27T05:46:22+00:00","dateModified":"2021-02-17T04:50:18+00:00","breadcrumb":{"@id":"https:\/\/www.issa.edu.ar\/issawp\/tutoriales-estudiantes\/#breadcrumb"},"inLanguage":"es-AR","potentialAction":[{"@type":"ReadAction","target":["https:\/\/www.issa.edu.ar\/issawp\/tutoriales-estudiantes\/"]}]},{"@type":"ImageObject","inLanguage":"es-AR","@id":"https:\/\/www.issa.edu.ar\/issawp\/tutoriales-estudiantes\/#primaryimage","url":"https:\/\/www.issa.edu.ar\/issawp\/wp-content\/uploads\/2020\/09\/mensajeria-celular.jpeg","contentUrl":"https:\/\/www.issa.edu.ar\/issawp\/wp-content\/uploads\/2020\/09\/mensajeria-celular.jpeg","width":540,"height":1170},{"@type":"BreadcrumbList","@id":"https:\/\/www.issa.edu.ar\/issawp\/tutoriales-estudiantes\/#breadcrumb","itemListElement":[{"@type":"ListItem","position":1,"name":"ISSA","item":"https:\/\/www.issa.edu.ar\/issawp\/"},{"@type":"ListItem","position":2,"name":"Tutoriales Campus ISSA para estudiantes"}]},{"@type":"WebSite","@id":"https:\/\/www.issa.edu.ar\/issawp\/#website","url":"https:\/\/www.issa.edu.ar\/issawp\/","name":"ISSA | Instituto Superior San Agust\u00edn","description":"25 a\u00f1os en la formaci\u00f3n de docente de Educaci\u00f3n Secundaria. Innovadora metodolog\u00eda semiprescial intensivo, con clases presenciales y virtuales.","publisher":{"@id":"https:\/\/www.issa.edu.ar\/issawp\/#organization"},"potentialAction":[{"@type":"SearchAction","target":{"@type":"EntryPoint","urlTemplate":"https:\/\/www.issa.edu.ar\/issawp\/?s={search_term_string}"},"query-input":{"@type":"PropertyValueSpecification","valueRequired":true,"valueName":"search_term_string"}}],"inLanguage":"es-AR"},{"@type":"Organization","@id":"https:\/\/www.issa.edu.ar\/issawp\/#organization","name":"ISSA | Instituto Superior San Agust\u00edn","url":"https:\/\/www.issa.edu.ar\/issawp\/","logo":{"@type":"ImageObject","inLanguage":"es-AR","@id":"https:\/\/www.issa.edu.ar\/issawp\/#\/schema\/logo\/image\/","url":"https:\/\/www.issa.edu.ar\/issawp\/wp-content\/uploads\/2020\/01\/logo_sm.png","contentUrl":"https:\/\/www.issa.edu.ar\/issawp\/wp-content\/uploads\/2020\/01\/logo_sm.png","width":301,"height":131,"caption":"ISSA | Instituto Superior San Agust\u00edn"},"image":{"@id":"https:\/\/www.issa.edu.ar\/issawp\/#\/schema\/logo\/image\/"},"sameAs":["https:\/\/www.facebook.com\/faceissa\/","https:\/\/www.instagram.com\/issa_funsan\/","http:\/\/www.youtube.com\/@issacampus8885"]}]}},"_links":{"self":[{"href":"https:\/\/www.issa.edu.ar\/issawp\/wp-json\/wp\/v2\/pages\/490"}],"collection":[{"href":"https:\/\/www.issa.edu.ar\/issawp\/wp-json\/wp\/v2\/pages"}],"about":[{"href":"https:\/\/www.issa.edu.ar\/issawp\/wp-json\/wp\/v2\/types\/page"}],"author":[{"embeddable":true,"href":"https:\/\/www.issa.edu.ar\/issawp\/wp-json\/wp\/v2\/users\/1"}],"replies":[{"embeddable":true,"href":"https:\/\/www.issa.edu.ar\/issawp\/wp-json\/wp\/v2\/comments?post=490"}],"version-history":[{"count":7,"href":"https:\/\/www.issa.edu.ar\/issawp\/wp-json\/wp\/v2\/pages\/490\/revisions"}],"predecessor-version":[{"id":998,"href":"https:\/\/www.issa.edu.ar\/issawp\/wp-json\/wp\/v2\/pages\/490\/revisions\/998"}],"wp:attachment":[{"href":"https:\/\/www.issa.edu.ar\/issawp\/wp-json\/wp\/v2\/media?parent=490"}],"curies":[{"name":"wp","href":"https:\/\/api.w.org\/{rel}","templated":true}]}}