{"id":801,"date":"2020-02-06T00:07:28","date_gmt":"2020-02-06T03:07:28","guid":{"rendered":"http:\/\/127.0.0.1\/ISSA\/?page_id=801"},"modified":"2025-10-08T16:11:35","modified_gmt":"2025-10-08T19:11:35","slug":"801-2","status":"publish","type":"page","link":"https:\/\/www.issa.edu.ar\/issawp\/","title":{"rendered":""},"content":{"rendered":"\n<!--<div class=\"wrapper\"><div class=\"media-slider\">[metaslider id=\"267\"]<\/div><\/div>-->\n<div class=\"wrapper2\">\n\n\t\t<div class=\"one-one block-shadow\" style=\"line-height:1.2 rem\"><div class=\"one-one-inner\">\n\t\t\t<a href=\"https:\/\/www.issa.edu.ar\/issawp\/estudiantes\/abierta-la-inscripcion-2025-issa\/\" data-title=\"insc_2023\" tabindex=\"0\"><br>\n<br>\n<br>\n\t\t\t\t<h3 class=\"bloque-title\"> <\/h3> <div class=\"small\">Inscripci\u00f3n abierta<\/div> <\/a><\/div>\n\t\t<div class=\"plus\"><\/div> <\/div>\n  \t\t\t<div class=\"one\"><div class=\"one-inner\">\n  \t\t\t<div class=\"news\"><span> Novedades<\/span><\/div>\n<div class=\"pt-cv-wrapper\"><div class=\"pt-cv-view pt-cv-grid pt-cv-colsys\" id=\"pt-cv-view-d30cd8bzya\"><div data-id=\"pt-cv-page-1\" class=\"pt-cv-page\" data-cvc=\"1\"><div class=\"col-md-12 col-sm-12 col-xs-12 pt-cv-content-item pt-cv-1-col\" ><div class='pt-cv-ifield'><a href=\"https:\/\/www.issa.edu.ar\/issawp\/la_institucion\/metodologia\/\" class=\"_self pt-cv-href-thumbnail pt-cv-thumb-default\" target=\"_self\" ><\/a>\n<h6 class=\"pt-cv-title\"><a href=\"https:\/\/www.issa.edu.ar\/issawp\/la_institucion\/metodologia\/\" class=\"_self\" target=\"_self\" >Metodolog\u00eda educativa de vanguardia. Cursado presencial+virtual<\/a><\/h6>\n<div class=\"pt-cv-content\">Es una estrategia educativa basada en la aplicaci\u00f3n de la tecnolog\u00eda del aprendizaje sin la limitaci\u00f3n del lugar, ...<br \/><div class=\"pt-cv-rmwrap\"><a href=\"https:\/\/www.issa.edu.ar\/issawp\/la_institucion\/metodologia\/\" class=\"_self pt-cv-readmore btn btn-success\" target=\"_self\">Leer M\u00e1s<\/a><\/div><\/div><\/div><\/div>\n<div class=\"col-md-12 col-sm-12 col-xs-12 pt-cv-content-item pt-cv-1-col\" ><div class='pt-cv-ifield'><a href=\"https:\/\/www.issa.edu.ar\/issawp\/issa-inform\/informacion-general\/inscripcion2024\/\" class=\"_self pt-cv-href-thumbnail pt-cv-thumb-default\" target=\"_self\" ><\/a>\n<h6 class=\"pt-cv-title\"><a href=\"https:\/\/www.issa.edu.ar\/issawp\/issa-inform\/informacion-general\/inscripcion2024\/\" class=\"_self\" target=\"_self\" >Abierta la Inscripci\u00f3n 2026 \u2013<\/a><\/h6>\n<div class=\"pt-cv-content\">Se encuentra abierta la inscripci\u00f3n para el ciclo lectivo 2026, en las carreras de Psicomotricidad, Psicopedagog\u00eda, Profesorado de ...<br \/><div class=\"pt-cv-rmwrap\"><a href=\"https:\/\/www.issa.edu.ar\/issawp\/issa-inform\/informacion-general\/inscripcion2024\/\" class=\"_self pt-cv-readmore btn btn-success\" target=\"_self\">Leer M\u00e1s<\/a><\/div><\/div><\/div><\/div><\/div><\/div><\/div>\n  \t\t\t<div class=\"plus\"><\/div>  \n\t\t\t <\/div><\/div>\n  \t<div class=\"two\">\n  \t\t<div class=\"two-inner block block-shadow\">\n<a href=\"\/issawp\/la_institucion\/profes-secundaria\/\" title=\"Lengua y Literatura\">\n  \t\t<h3 class=\"bloque-title\"><div class=\"small\">Profesorados para la<\/div>Educaci\u00f3n Secundaria<\/h3><\/a><\/div> \n<div class=\"two-inner\"><div class=\"pt-cv-wrapper\"><div class=\"pt-cv-view pt-cv-grid pt-cv-colsys\" id=\"pt-cv-view-d6346e15mg\"><div data-id=\"pt-cv-page-1\" class=\"pt-cv-page\" data-cvc=\"1\"><div class=\"col-md-12 col-sm-12 col-xs-12 pt-cv-content-item pt-cv-1-col\" ><div class='pt-cv-ifield'><h5 class=\"pt-cv-title\"><a href=\"https:\/\/www.issa.edu.ar\/issawp\/carreras-grado\/profesorado-tics\/\" class=\"_self\" target=\"_self\" >Tecnolog\u00edas de la Informaci\u00f3n y Comunicaci\u00f3n<\/a><\/h5><\/div><\/div>\n<div class=\"col-md-12 col-sm-12 col-xs-12 pt-cv-content-item pt-cv-1-col\" ><div class='pt-cv-ifield'><h5 class=\"pt-cv-title\"><a href=\"https:\/\/www.issa.edu.ar\/issawp\/carreras-grado\/profesorado-psicologia\/\" class=\"_self\" target=\"_self\" >Psicolog\u00eda<\/a><\/h5><\/div><\/div>\n<div class=\"col-md-12 col-sm-12 col-xs-12 pt-cv-content-item pt-cv-1-col\" ><div class='pt-cv-ifield'><h5 class=\"pt-cv-title\"><a href=\"https:\/\/www.issa.edu.ar\/issawp\/carreras-grado\/profesorado-lengua\/\" class=\"_self\" target=\"_self\" >Lengua y Literatura<\/a><\/h5><\/div><\/div>\n<div class=\"col-md-12 col-sm-12 col-xs-12 pt-cv-content-item pt-cv-1-col\" ><div class='pt-cv-ifield'><h5 class=\"pt-cv-title\"><a href=\"https:\/\/www.issa.edu.ar\/issawp\/carreras-grado\/profesorado-administracion\/\" class=\"_self\" target=\"_self\" >Ciencias de la Administraci\u00f3n<\/a><\/h5><\/div><\/div><\/div><\/div><\/div> <div class=\"plus\"><\/div><\/div>\n\t\t  <\/div>\n  \t<div class=\"three\"><a href=\"\/issawp\/la_institucion\/metodologia\/\"><div class=\"three-inner\">Cursada<strong>presencial + virtual <\/strong><\/div><\/a>\n  \t\t<\/div>\n  \t<div class=\"four\"><a href=\"http:\/\/issa.edu.ar\/campus\/login\/index.php\" title=\"Campus\" target=\"_blank\" rel=\"noopener noreferrer\"><div class=\"four-inner\"><img decoding=\"async\" src=\"\/issawp\/wp-content\/themes\/wp-bootstrap-starter-child-master\/assets\/images\/iconos\/icons8-moodle.svg\"alt=\"Campus virtual\" style=\"margin-left: auto;margin-right: auto;\" width=\"80px\" height=\"auto\" \/>Campus<strong>Virtual<\/strong><div class=\"plus\"><\/div><\/div><\/a><\/div>\n  \t<div class=\"five\">\n    \t<div class=\"five-inner block block-shadow\">\n<a href=\"#\" title=\"T\u00e9cnico Profesional\">\n  \t\t<h3 class=\"bloque-title\"><div class=\"small\">T\u00e9cnico<\/div>Profesional<\/h3><\/a><\/div>\n  \t\t\t<div class=\"five-inner\"><div class=\"pt-cv-wrapper\"><div class=\"pt-cv-view pt-cv-grid pt-cv-colsys\" id=\"pt-cv-view-408e397rek\"><div data-id=\"pt-cv-page-1\" class=\"pt-cv-page\" data-cvc=\"1\"><div class=\"col-md-12 col-sm-12 col-xs-12 pt-cv-content-item pt-cv-1-col\" ><div class='pt-cv-ifield'><h5 class=\"pt-cv-title\"><a href=\"https:\/\/www.issa.edu.ar\/issawp\/carreras-grado\/psicopedagogia\/\" class=\"_self\" target=\"_self\" >Psicopedagog\u00eda<\/a><\/h5><\/div><\/div>\n<div class=\"col-md-12 col-sm-12 col-xs-12 pt-cv-content-item pt-cv-1-col\" ><div class='pt-cv-ifield'><h5 class=\"pt-cv-title\"><a href=\"https:\/\/www.issa.edu.ar\/issawp\/carreras-grado\/psicomitricidad\/\" class=\"_self\" target=\"_self\" >Psicomotricidad<\/a><\/h5><\/div><\/div><\/div><\/div><\/div>\n                      <div class=\"plus\"><\/div>\n\t\t\t\t<\/div>\n \t\t <\/div>\n  \t<div class=\"six\">\n  \t\t<div class=\"six-inner\"><i class=\"fab fa-facebook-square blanco\" aria-hidden=\"true\" style=\"font-size: 40px;\"><\/i><a href=\"https:\/\/www.facebook.com\/faceissa?fref=ts\" title=\"Facebook\" target=\"_blank\" rel=\"noopener noreferrer\">Seguinos en Facebook<\/a><\/div>\n  \t<\/div>\n \t<div class=\"seven\"><a href=\"\/issawp\/la_institucion\/institucion\/\">\n \t\t<div class=\"seven-inner block block-shadow\">\n<h3 class=\"bloque-title\"><div class=\"small\"><\/div>ISSA<\/h3><\/a><\/div>\n<\/div>\n  \t\n    <div class=\"ocho\">\n       <div class=\"ocho-inner block block-shadow\">\n           <!--<a href=\"\/issawp\/la_institucion\/formacion-postitulo\/\" title=\"Post\u00edtulo\">-->\n  \t\t<h3 class=\"bloque-title\"><div class=\"small\">Nuevas<\/div>Carreras en el ISSA<\/h3><\/a><\/div>  \n      <div class=\"ocho-inner\"><div class=\"pt-cv-wrapper\"><div class=\"pt-cv-view pt-cv-grid pt-cv-colsys\" id=\"pt-cv-view-b11a036zwh\"><div data-id=\"pt-cv-page-1\" class=\"pt-cv-page\" data-cvc=\"1\"><div class=\"col-md-12 col-sm-12 col-xs-12 pt-cv-content-item pt-cv-1-col\" ><div class='pt-cv-ifield'><h5 class=\"pt-cv-title\"><a href=\"https:\/\/www.issa.edu.ar\/issawp\/carreras-grado\/geografia\/\" class=\"_self\" target=\"_self\" >Geograf\u00eda<\/a><\/h5><\/div><\/div>\n<div class=\"col-md-12 col-sm-12 col-xs-12 pt-cv-content-item pt-cv-1-col\" ><div class='pt-cv-ifield'><h5 class=\"pt-cv-title\"><a href=\"https:\/\/www.issa.edu.ar\/issawp\/sin-categoria\/profesorado-filosofia\/\" class=\"_self\" target=\"_self\" >Filosof\u00eda<\/a><\/h5><\/div><\/div><\/div><\/div><\/div><div class=\"plus\"><\/div><\/div>\n    <\/div>\n   <div class=\"nueve\"><a href=\"\/issawp\/la_institucion\/institucion\/\">\n<div class=\"nueve-inner\">\u00c1rea de<strong>Influencia<\/strong><div class=\"plus\"><\/div><\/div><\/a>\n      <\/div>\n\t\n\t<\/div>\n<\/div>\n<\/div>                  \n              \n<\/div>\n\n\n\n\n","protected":false},"excerpt":{"rendered":"<p>Inscripci\u00f3n abierta Novedades Profesorados para laEducaci\u00f3n Secundaria Cursadapresencial + virtual CampusVirtual T\u00e9cnicoProfesional Seguinos en Facebook ISSA NuevasCarreras en el ISSA \u00c1rea deInfluencia<\/p>\n","protected":false},"author":1,"featured_media":0,"parent":0,"menu_order":0,"comment_status":"closed","ping_status":"closed","template":"fullwidth.php","meta":{"_monsterinsights_skip_tracking":false,"_monsterinsights_sitenote_active":false,"_monsterinsights_sitenote_note":"","_monsterinsights_sitenote_category":0,"_joinchat":[],"footnotes":""},"yoast_head":"<!-- This site is optimized with the Yoast SEO plugin v23.8 - https:\/\/yoast.com\/wordpress\/plugins\/seo\/ -->\n<title>ISSA | Instituto Superior San Agust\u00edn |<\/title>\n<meta name=\"robots\" content=\"index, follow, max-snippet:-1, max-image-preview:large, max-video-preview:-1\" \/>\n<link rel=\"canonical\" href=\"https:\/\/www.issa.edu.ar\/issawp\/\" \/>\n<meta property=\"og:locale\" content=\"es_ES\" \/>\n<meta property=\"og:type\" content=\"article\" \/>\n<meta property=\"og:title\" content=\"ISSA | Instituto Superior San Agust\u00edn |\" \/>\n<meta property=\"og:description\" content=\"Inscripci\u00f3n abierta Novedades Profesorados para laEducaci\u00f3n Secundaria Cursadapresencial + virtual CampusVirtual T\u00e9cnicoProfesional Seguinos en Facebook ISSA NuevasCarreras en el ISSA \u00c1rea deInfluencia\" \/>\n<meta property=\"og:url\" content=\"https:\/\/www.issa.edu.ar\/issawp\/\" \/>\n<meta property=\"og:site_name\" content=\"ISSA | Instituto Superior San Agust\u00edn\" \/>\n<meta property=\"article:publisher\" content=\"https:\/\/www.facebook.com\/faceissa\/\" \/>\n<meta property=\"article:modified_time\" content=\"2025-10-08T19:11:35+00:00\" \/>\n<meta name=\"twitter:card\" content=\"summary_large_image\" \/>\n<meta name=\"twitter:label1\" content=\"Tiempo de lectura\" \/>\n\t<meta name=\"twitter:data1\" content=\"1 minuto\" \/>\n<script type=\"application\/ld+json\" class=\"yoast-schema-graph\">{\"@context\":\"https:\/\/schema.org\",\"@graph\":[{\"@type\":\"WebPage\",\"@id\":\"https:\/\/www.issa.edu.ar\/issawp\/\",\"url\":\"https:\/\/www.issa.edu.ar\/issawp\/\",\"name\":\"ISSA | Instituto Superior San Agust\u00edn |\",\"isPartOf\":{\"@id\":\"https:\/\/www.issa.edu.ar\/issawp\/#website\"},\"datePublished\":\"2020-02-06T03:07:28+00:00\",\"dateModified\":\"2025-10-08T19:11:35+00:00\",\"inLanguage\":\"es-AR\",\"potentialAction\":[{\"@type\":\"ReadAction\",\"target\":[\"https:\/\/www.issa.edu.ar\/issawp\/\"]}]},{\"@type\":\"WebSite\",\"@id\":\"https:\/\/www.issa.edu.ar\/issawp\/#website\",\"url\":\"https:\/\/www.issa.edu.ar\/issawp\/\",\"name\":\"ISSA | Instituto Superior San Agust\u00edn\",\"description\":\"25 a\u00f1os en la formaci\u00f3n de docente de Educaci\u00f3n Secundaria. Innovadora metodolog\u00eda semiprescial intensivo, con clases presenciales y virtuales.\",\"publisher\":{\"@id\":\"https:\/\/www.issa.edu.ar\/issawp\/#organization\"},\"potentialAction\":[{\"@type\":\"SearchAction\",\"target\":{\"@type\":\"EntryPoint\",\"urlTemplate\":\"https:\/\/www.issa.edu.ar\/issawp\/?s={search_term_string}\"},\"query-input\":{\"@type\":\"PropertyValueSpecification\",\"valueRequired\":true,\"valueName\":\"search_term_string\"}}],\"inLanguage\":\"es-AR\"},{\"@type\":\"Organization\",\"@id\":\"https:\/\/www.issa.edu.ar\/issawp\/#organization\",\"name\":\"ISSA | Instituto Superior San Agust\u00edn\",\"url\":\"https:\/\/www.issa.edu.ar\/issawp\/\",\"logo\":{\"@type\":\"ImageObject\",\"inLanguage\":\"es-AR\",\"@id\":\"https:\/\/www.issa.edu.ar\/issawp\/#\/schema\/logo\/image\/\",\"url\":\"https:\/\/www.issa.edu.ar\/issawp\/wp-content\/uploads\/2020\/01\/logo_sm.png\",\"contentUrl\":\"https:\/\/www.issa.edu.ar\/issawp\/wp-content\/uploads\/2020\/01\/logo_sm.png\",\"width\":301,\"height\":131,\"caption\":\"ISSA | Instituto Superior San Agust\u00edn\"},\"image\":{\"@id\":\"https:\/\/www.issa.edu.ar\/issawp\/#\/schema\/logo\/image\/\"},\"sameAs\":[\"https:\/\/www.facebook.com\/faceissa\/\",\"https:\/\/www.instagram.com\/issa_funsan\/\",\"http:\/\/www.youtube.com\/@issacampus8885\"]}]}<\/script>\n<!-- \/ Yoast SEO plugin. -->","yoast_head_json":{"title":"ISSA | Instituto Superior San Agust\u00edn |","robots":{"index":"index","follow":"follow","max-snippet":"max-snippet:-1","max-image-preview":"max-image-preview:large","max-video-preview":"max-video-preview:-1"},"canonical":"https:\/\/www.issa.edu.ar\/issawp\/","og_locale":"es_ES","og_type":"article","og_title":"ISSA | Instituto Superior San Agust\u00edn |","og_description":"Inscripci\u00f3n abierta Novedades Profesorados para laEducaci\u00f3n Secundaria Cursadapresencial + virtual CampusVirtual T\u00e9cnicoProfesional Seguinos en Facebook ISSA NuevasCarreras en el ISSA \u00c1rea deInfluencia","og_url":"https:\/\/www.issa.edu.ar\/issawp\/","og_site_name":"ISSA | Instituto Superior San Agust\u00edn","article_publisher":"https:\/\/www.facebook.com\/faceissa\/","article_modified_time":"2025-10-08T19:11:35+00:00","twitter_card":"summary_large_image","twitter_misc":{"Tiempo de lectura":"1 minuto"},"schema":{"@context":"https:\/\/schema.org","@graph":[{"@type":"WebPage","@id":"https:\/\/www.issa.edu.ar\/issawp\/","url":"https:\/\/www.issa.edu.ar\/issawp\/","name":"ISSA | Instituto Superior San Agust\u00edn |","isPartOf":{"@id":"https:\/\/www.issa.edu.ar\/issawp\/#website"},"datePublished":"2020-02-06T03:07:28+00:00","dateModified":"2025-10-08T19:11:35+00:00","inLanguage":"es-AR","potentialAction":[{"@type":"ReadAction","target":["https:\/\/www.issa.edu.ar\/issawp\/"]}]},{"@type":"WebSite","@id":"https:\/\/www.issa.edu.ar\/issawp\/#website","url":"https:\/\/www.issa.edu.ar\/issawp\/","name":"ISSA | Instituto Superior San Agust\u00edn","description":"25 a\u00f1os en la formaci\u00f3n de docente de Educaci\u00f3n Secundaria. Innovadora metodolog\u00eda semiprescial intensivo, con clases presenciales y virtuales.","publisher":{"@id":"https:\/\/www.issa.edu.ar\/issawp\/#organization"},"potentialAction":[{"@type":"SearchAction","target":{"@type":"EntryPoint","urlTemplate":"https:\/\/www.issa.edu.ar\/issawp\/?s={search_term_string}"},"query-input":{"@type":"PropertyValueSpecification","valueRequired":true,"valueName":"search_term_string"}}],"inLanguage":"es-AR"},{"@type":"Organization","@id":"https:\/\/www.issa.edu.ar\/issawp\/#organization","name":"ISSA | Instituto Superior San Agust\u00edn","url":"https:\/\/www.issa.edu.ar\/issawp\/","logo":{"@type":"ImageObject","inLanguage":"es-AR","@id":"https:\/\/www.issa.edu.ar\/issawp\/#\/schema\/logo\/image\/","url":"https:\/\/www.issa.edu.ar\/issawp\/wp-content\/uploads\/2020\/01\/logo_sm.png","contentUrl":"https:\/\/www.issa.edu.ar\/issawp\/wp-content\/uploads\/2020\/01\/logo_sm.png","width":301,"height":131,"caption":"ISSA | Instituto Superior San Agust\u00edn"},"image":{"@id":"https:\/\/www.issa.edu.ar\/issawp\/#\/schema\/logo\/image\/"},"sameAs":["https:\/\/www.facebook.com\/faceissa\/","https:\/\/www.instagram.com\/issa_funsan\/","http:\/\/www.youtube.com\/@issacampus8885"]}]}},"_links":{"self":[{"href":"https:\/\/www.issa.edu.ar\/issawp\/wp-json\/wp\/v2\/pages\/801"}],"collection":[{"href":"https:\/\/www.issa.edu.ar\/issawp\/wp-json\/wp\/v2\/pages"}],"about":[{"href":"https:\/\/www.issa.edu.ar\/issawp\/wp-json\/wp\/v2\/types\/page"}],"author":[{"embeddable":true,"href":"https:\/\/www.issa.edu.ar\/issawp\/wp-json\/wp\/v2\/users\/1"}],"replies":[{"embeddable":true,"href":"https:\/\/www.issa.edu.ar\/issawp\/wp-json\/wp\/v2\/comments?post=801"}],"version-history":[{"count":73,"href":"https:\/\/www.issa.edu.ar\/issawp\/wp-json\/wp\/v2\/pages\/801\/revisions"}],"predecessor-version":[{"id":1286,"href":"https:\/\/www.issa.edu.ar\/issawp\/wp-json\/wp\/v2\/pages\/801\/revisions\/1286"}],"wp:attachment":[{"href":"https:\/\/www.issa.edu.ar\/issawp\/wp-json\/wp\/v2\/media?parent=801"}],"curies":[{"name":"wp","href":"https:\/\/api.w.org\/{rel}","templated":true}]}}